{"id":12,"date":"2017-05-04T10:31:01","date_gmt":"2017-05-04T10:31:01","guid":{"rendered":"http:\/\/safe-parking-uruguay.com\/?page_id=12"},"modified":"2018-11-29T00:04:43","modified_gmt":"2018-11-29T00:04:43","slug":"dienstleistungen","status":"publish","type":"page","link":"https:\/\/safe-parking-uruguay.com\/es\/dienstleistungen\/","title":{"rendered":"Servicios"},"content":{"rendered":"<p>Muchos propietarios han comprado sus casas rodantes por mucho dinero y luego lo han tra\u00eddo a Sudam\u00e9rica. \u00bfAhora quieres usarlo aqu\u00ed y luego enviarlo todos los a\u00f1os devuelta ? \u00bfSolo porque no tienes donde dejarlo?    \u00a1No te lo creo!!<br \/>\nLe ofrecemos la oportunidad de estacionar su casa rodante de forma segura con nosotros. Adem\u00e1s de la protecci\u00f3n contra robo y vandalismo, le ofrecemos servicios de cuidados y mec\u00e1nicos de autom\u00f3viles verdaderamente calificados . Otras ofertas de servicios incluyen un servicio de lavander\u00eda para su ropa. Tambi\u00e9n se puede organizar el servicio de traslado a la estaci\u00f3n de autobuses m\u00e1s cercana, al puerto de Colonia de Sacramento (Ferry que te lleva a Buenos Aires) o el aeropuerto de Carrasco en Montevideo.<br \/>\nPara que sus vacaciones puedan desde el primer d\u00eda ser inolvidables y sin estres.<br \/>\nEsperamos que puedas conocer y hacer uso de nuestra  propuesta<br \/>\nEstamos a su disposici\u00f3n para sugerencias , pedidos&#8230;..<\/p>\n","protected":false},"excerpt":{"rendered":"<p>Muchos propietarios han comprado sus casas rodantes por mucho dinero y luego lo han tra\u00eddo a Sudam\u00e9rica. \u00bfAhora quieres usarlo aqu\u00ed y luego enviarlo todos los a\u00f1os devuelta ? \u00bfSolo porque no tienes donde dejarlo? \u00a1No te lo creo!! Le <a class=\"more-link\" href=\"https:\/\/safe-parking-uruguay.com\/es\/dienstleistungen\/\">weiterlesen&#8230;<\/a><\/p>\n","protected":false},"author":1,"featured_media":0,"parent":0,"menu_order":0,"comment_status":"closed","ping_status":"closed","template":"","meta":{"footnotes":""},"class_list":["post-12","page","type-page","status-publish","hentry"],"translation":{"provider":"WPGlobus","version":"3.0.2","language":"es","enabled_languages":["en","de","es"],"languages":{"en":{"title":true,"content":false,"excerpt":false},"de":{"title":true,"content":true,"excerpt":false},"es":{"title":true,"content":true,"excerpt":false}}},"_links":{"self":[{"href":"https:\/\/safe-parking-uruguay.com\/es\/wp-json\/wp\/v2\/pages\/12","targetHints":{"allow":["GET"]}}],"collection":[{"href":"https:\/\/safe-parking-uruguay.com\/es\/wp-json\/wp\/v2\/pages"}],"about":[{"href":"https:\/\/safe-parking-uruguay.com\/es\/wp-json\/wp\/v2\/types\/page"}],"author":[{"embeddable":true,"href":"https:\/\/safe-parking-uruguay.com\/es\/wp-json\/wp\/v2\/users\/1"}],"replies":[{"embeddable":true,"href":"https:\/\/safe-parking-uruguay.com\/es\/wp-json\/wp\/v2\/comments?post=12"}],"version-history":[{"count":5,"href":"https:\/\/safe-parking-uruguay.com\/es\/wp-json\/wp\/v2\/pages\/12\/revisions"}],"predecessor-version":[{"id":144,"href":"https:\/\/safe-parking-uruguay.com\/es\/wp-json\/wp\/v2\/pages\/12\/revisions\/144"}],"wp:attachment":[{"href":"https:\/\/safe-parking-uruguay.com\/es\/wp-json\/wp\/v2\/media?parent=12"}],"curies":[{"name":"wp","href":"https:\/\/api.w.org\/{rel}","templated":true}]}}