{"id":39,"date":"2017-05-04T10:50:19","date_gmt":"2017-05-04T10:50:19","guid":{"rendered":"http:\/\/safe-parking-uruguay.com\/?page_id=39"},"modified":"2018-08-02T15:30:25","modified_gmt":"2018-08-02T15:30:25","slug":"ueber-uns","status":"publish","type":"page","link":"https:\/\/safe-parking-uruguay.com\/de\/","title":{"rendered":"\u00dcber Uns"},"content":{"rendered":"<p>&#8230;..\u00fcber uns&#8230;.. nun ja.<br \/>\nWir (ein \u00e4lteres Ehepaar &#8211; auch wenn wir uns noch nicht so f\u00fchlen) sind im Mai 2017 von Deutschland nach Uruguay ausgewandert. Im Juli 2017 kauften wir unseren jetzigen Campo &#8211; ein wundersch\u00f6nes St\u00fcck Land in der N\u00e4he des Rio del la Plata, direkt vorm Campamento Artigas (einer Art Kinderferianlager).<br \/>\nDa wir uns selbst &#8222;in j\u00fcngeren Jahren&#8220; mit Wohnmobilen besch\u00e4ftigt haben, diese selbst ausgebaut haben und nat\u00fcrlich viel unterwegs waren, kennen wir die Sorgen und N\u00f6te von Wohnmobilisten &#8211; gerade auch in fremden L\u00e4ndern, aber auch einfach so. Ein Wohnmobil ist eben nicht der Kleinwagen zum einkaufen &#8211; es ist eine Wohnung auf R\u00e4dern. Genau so sehen wir die Notwendigkeit, diese auch zu pflegen. Wenn eine Wohnung zu lange nicht bewohnt ist, verf\u00e4llt sie &#8211; die Tapete f\u00e4llt von der Wand, alles wird staubig und irgendwie muffig. Das passiert erfahrungsgem\u00e4\u00df auch mit einem nicht genutzten Wohnmobil&#8230;. wobei &#8211; das mit der Tapete vielleicht nicht&#8230;.. \ud83d\ude09<br \/>\nWir haben uns hier erstmal ein kleines H\u00e4uschen gebaut und sind dabei, unser Land zu gestalten. Nat\u00fcrlich ist noch nicht alles fertig &#8211; der Container hat noch nicht seinen Endanstrich und viele B\u00e4ume und Str\u00e4ucher m\u00fcssen noch wachsen und auch der geplante Campingplatz muss noch gestaltet werden.<br \/>\nAber wir haben bereits eine Stellfl\u00e4che f\u00fcr die Wohnmobile unserer G\u00e4ste vorbereitet &#8211; davor gesch\u00fctzt, auch bei hier \u00fcblichen st\u00e4rkeren Regenf\u00e4llen, \u00fcberflutet zu werden. Unsere Hunde \u00fcberwachen jede Bewegung auf dem Grundst\u00fcck und k\u00fcndigen diese lautstark an &#8211; weitere Reaktionen lassen sich f\u00fcr uns nur erahnen &#8211; an uns sind sie gew\u00f6hnt.<br \/>\nWenn es Sie also interessiert, uns kennenzulernen, scheuen Sie sich nicht, Kontakt aufzunehmen.<br \/>\nViele Gr\u00fc\u00dfe<br \/>\nKarola &#038; Peter H\u00f6nig<\/p>\n","protected":false},"excerpt":{"rendered":"<p>&#8230;..\u00fcber uns&#8230;.. nun ja. Wir (ein \u00e4lteres Ehepaar &#8211; auch wenn wir uns noch nicht so f\u00fchlen) sind im Mai 2017 von Deutschland nach Uruguay ausgewandert. Im Juli 2017 kauften wir unseren jetzigen Campo &#8211; ein wundersch\u00f6nes St\u00fcck Land in <a class=\"more-link\" href=\"https:\/\/safe-parking-uruguay.com\/de\/\">weiterlesen&#8230;<\/a><\/p>\n","protected":false},"author":1,"featured_media":0,"parent":0,"menu_order":0,"comment_status":"closed","ping_status":"closed","template":"","meta":{"footnotes":""},"class_list":["post-39","page","type-page","status-publish","hentry"],"translation":{"provider":"WPGlobus","version":"3.0.2","language":"de","enabled_languages":["en","de","es"],"languages":{"en":{"title":true,"content":true,"excerpt":false},"de":{"title":true,"content":true,"excerpt":false},"es":{"title":true,"content":true,"excerpt":false}}},"_links":{"self":[{"href":"https:\/\/safe-parking-uruguay.com\/de\/wp-json\/wp\/v2\/pages\/39","targetHints":{"allow":["GET"]}}],"collection":[{"href":"https:\/\/safe-parking-uruguay.com\/de\/wp-json\/wp\/v2\/pages"}],"about":[{"href":"https:\/\/safe-parking-uruguay.com\/de\/wp-json\/wp\/v2\/types\/page"}],"author":[{"embeddable":true,"href":"https:\/\/safe-parking-uruguay.com\/de\/wp-json\/wp\/v2\/users\/1"}],"replies":[{"embeddable":true,"href":"https:\/\/safe-parking-uruguay.com\/de\/wp-json\/wp\/v2\/comments?post=39"}],"version-history":[{"count":9,"href":"https:\/\/safe-parking-uruguay.com\/de\/wp-json\/wp\/v2\/pages\/39\/revisions"}],"predecessor-version":[{"id":66,"href":"https:\/\/safe-parking-uruguay.com\/de\/wp-json\/wp\/v2\/pages\/39\/revisions\/66"}],"wp:attachment":[{"href":"https:\/\/safe-parking-uruguay.com\/de\/wp-json\/wp\/v2\/media?parent=39"}],"curies":[{"name":"wp","href":"https:\/\/api.w.org\/{rel}","templated":true}]}}