{"id":14,"date":"2017-05-04T10:31:26","date_gmt":"2017-05-04T10:31:26","guid":{"rendered":"http:\/\/safe-parking-uruguay.com\/?page_id=14"},"modified":"2019-01-08T10:16:53","modified_gmt":"2019-01-08T10:16:53","slug":"pubblog","status":"publish","type":"page","link":"https:\/\/safe-parking-uruguay.com\/de\/pubblog\/","title":{"rendered":"Blog"},"content":{"rendered":"<ul>\n<li><em><strong>Donnerstag, 25.10.2018<\/strong><\/em><\/li>\n<\/ul>\n<p>Nun komme ich heute mal wieder dazu, etwas zu schreiben.<br \/>\nWir haben gerade lieben Besuch aus Deutschland &#8211; Freunde sind da&#8230;. nat\u00fcrlich nicht um uns zu besuchen &#8211; sie haben selbst einen Campo gekauft und m\u00f6chten diesen ihren Kindern zeigen. Die Kinder sind Uruguay recht zugewand und sehen die Probleme in Deutschland \u00e4hnlich wie wir. Nun ja &#8211; sie sind eben wach &#8211; sicherlich auch der Aufkl\u00e4rung der Eltern geschuldet &#8211; aber auch dem eigenen Interesse.<br \/>\nKlaus und sein Sohn haben uns gerade verlassen &#8211; auch Deutsche aus Bayern, die hier nach einer Alternative suchen&#8230;.<br \/>\nHier passiert also recht viel.<br \/>\nAuch unser Netzwerk entwickelt sich&#8230;.viele unserer Freunde wohnen in Delta, was jedoch unseren Spanischkenntnissen nicht wirklich zutr\u00e4glich ist &#8211; in Delta spricht man deutsch&#8230;.. aber wir haben auch Unterricht.<br \/>\nLeider hat sich Alex nun sehr deutlich von uns entfernt &#8211; als Ausl\u00e4nder h\u00e4tten wir uns \u00fcber nichts zu beschweren und andere Aussagen, die Herrn Freud h\u00e4tten in die H\u00e4nde klatschen lassen, haben Alex in eine Position man\u00f6vriert, die wir sehr bedauern. So rei\u00dft sie alles ein, was sie vorher sehr gut und freundlich aufgebaut hat. Alex hat viel f\u00fcr uns getan &#8211; weit mehr, als f\u00fcr eine Maklerin \u00fcblich ist. Sie hat uns oft und ohne Zusatzkosten geholfen &#8211; Starthilfe gegeben. Aber wenn wir dann erfahren m\u00fcssen, da\u00df hinter unserem R\u00fccken gehetzt wird und wir in ein schlechtes Licht ger\u00fcckt werden&#8230;.. nun &#8211; nach unseren Informationen sind wir nicht die Ersten, denen es so ergeht&#8230;.M\u00f6ge sich jeder selbst ein Bild machen.<br \/>\nErfahrungsgem\u00e4\u00df sind Leute, die sich davon beeinflussen lassen, sowieso nicht die richtigen Bekannten f\u00fcr uns.<br \/>\nAnsonsten l\u00e4uft es bei uns recht gut. Wir haben den &#8222;Winter&#8220; gut \u00fcberstanden, Menschen die unserem WhatsApp- Status folgen wissen, da\u00df wir uns einen eigenen Traktor gekauft haben, eine neuen Container an dem richtigen Platz stehen haben&#8230;.. &#8211; es gibt immer noch viel zu tun &#8211; und ja &#8211; inzwischen wird es Zeit, unser kleines Feld zu beschatten &#8211; da werde ich mich in den n\u00e4chsten Tagen dran machen &#8211; St\u00fctzen f\u00fcr den Sonnenschutz liegen schon bereit.<br \/>\nZusammenfassend haben wir also gut zu tun &#8211; der Campo entwickelt sich, das Netzwerk auch &#8211; unsere Nachbarn sind sehr nett zu uns &#8211; die Ergebnisse unserer Arbeit werden anerkannt&#8230;. es geht uns gut.<br \/>\nNat\u00fcrlich haben wir auch weiterhin grosse Sorgen um unsere Lieben, die ja noch immer in Deutschland sind. M\u00f6gen sie nie eine &#8222;andersdenkende oder selbst\u00e4ndige&#8220; Meinung \u00e4u\u00dfern &#8211; die Reaktionen w\u00e4ren unangenehm&#8230;.. Aber wir bauen ja hier den Br\u00fcckenkopf&#8230;..<br \/>\nMal sehen, bis wann &#8211; wir sind eben nicht so extrovertiert&#8230;..lebt damit!! \ud83d\ude09<\/p>\n<ul>\n<li><em><strong>Freitag, 24.08.2018<\/strong><\/em><\/li>\n<\/ul>\n<p>Ja&#8230;.. ein Jahr nichts geschrieben&#8230;..<br \/>\nViel zu tun. Haben Cabana uno gebaut und bezogen, des Campo gereinigt, teilweise gepfl\u00fcgt, B\u00e4ume gepflanzt, den Zaun gemacht und und und&#8230;.<br \/>\nEs ist also viel passiert &#8211; aber es geht uns gut.<br \/>\nHaben Strom, k\u00f6nnen heizen und kommen langsam in der Normalit\u00e4t an, sofern man mit nur mangelden Sprachkenntnissen von Normalit\u00e4t schreiben kann.<br \/>\nInzwischen haben wir auch unsere dauerhafte Aufenthaltserlaubnis &#8211; da sei Irene Recknagel gedankt. Sie hat sich als Diensteisterin in unserem Auftrag dieser Sachen angenommen und Ihre Arbeit proffessionell und zuverl\u00e4ssig erledigt &#8211; trotz Fehlern beh\u00f6rdlicherseits ist sie &#8222;am Ball geblieben&#8220; und hat alles auch dank ihrer Erfahrung und ihres perfekt funktionierenden Netzwerkes zu einem guten Ende gebracht.<br \/>\nVon Alex haben wir nun schon lange nichts geh\u00f6rt &#8211; aber wir haben uns auch nicht weiter von ihr beraten lassen &#8211; was sie selbst gemacht hat, hat sie gut gemacht, aber ihr Netzwerk ist schlecht und teuer. Das wollten wir nichtmehr und damit war sie ein wenig &#8222;angepisst&#8220;.<br \/>\nJa &#8211; und das Grundst\u00fcck was wir noch von Ihr kaufen wollten, war ihr zu billig &#8211; da h\u00e4tte sie wohl zu wenig verdient&#8230;. ist doch eine Ansage!!<br \/>\nNaja&#8230;. kl\u00e4ren wir selbst.<br \/>\nMal sehen, wann ich wieder Lust habe, zu schreiben&#8230;. es gibt ja Leute, die machen das regelm\u00e4\u00dfig. Ich hab aber sehr viel anderes zu tun &#8211; da bleibt wenig Zeit&#8230;.. \ud83d\ude09<\/p>\n<ul>\n<li><em><strong>Freitag, 25.08.2017<\/strong><\/em><\/li>\n<\/ul>\n<p>Die Lieferung der Rohre hat super geklappt&#8230;..<br \/>\nHabe dazu wieder den Traktor von Udo bekommen.<br \/>\nDaf\u00fcr regnet es seit 2 Tagen&#8230;.. und nicht nur ein bisschen!<br \/>\nDer Campo ist v\u00f6llig aufgeweicht &#8211; steht teilweise unter Wasser, weil es nicht schnell genug abflie\u00dfen kann&#8230;.. Arbeiten auf dem Campo k\u00f6nnen wir die n\u00e4chsten Tage vergessen&#8230;. das Ganze wirft uns leider etwas zur\u00fcck!<br \/>\nAber es kommen auch wieder bessere Tage!<br \/>\nWir haben uns erstmal nach Colonia Valdense in den (ja den!) &#8222;American Bar&#8220; zur\u00fcck gezogen und trinken erstmal Kaffee&#8230;. ging witterungsbedingt ja heute nicht auf dem Campo&#8230;.<br \/>\nDanach werden wir mal die Barraca in Valdense besuchen &#8211; wir brauchen noch Abwasserrohre f\u00fcr Cabana uno&#8230;..<\/p>\n<p>Morgen sind wir von Udo nach Colonia Delta eingeladen &#8211; die Jugend der Gemeinde m\u00f6chte ein Fest geben (&#8230;.und ausrichten!)<br \/>\nWir freuen uns schon sehr auf ein Wiedersehen mit Udo, seiner lieben Frau Eliane und den lieben T\u00f6chtern von Udo (Monique, Bianca &amp; Celine).<br \/>\nDie deutsche Austauschsch\u00fclerin Luisa, die z.Z. bei Familie Kunze wohnt, haben wir ja schon bei der Abholung des Traktors kurz kennen gelernt&#8230;..<\/p>\n<ul>\n<li><em><strong>Dienstag, 22.08.2017<\/strong><\/em><\/li>\n<\/ul>\n<p>Habe heute Vormittag noch einige organisatorische Dinge zu unserem Container und dem zu legenden Elektroanschluss gekl\u00e4rt \u2013 nat\u00fcrlich wieder nur mit Hilfe von Alex \u2026..<br \/>\nDaf\u00fcr bin ich jetzt alleine!! Betonrohre beim Hersteller kaufen\u2026.. mal sehen, ob es mit der Lieferung klappt!!<\/p>\n<ul>\n<li><em><strong>Montag, 21.08.2017<\/strong><\/em><\/li>\n<\/ul>\n<p>Seit heute sind wir endlich in der Lage, uns motorisiert ohne Feuerwehr fortzubewegen.<br \/>\nWir haben unser heute angezahltes Auto bezahlt, abgeholt und zugelassen\u2026..<br \/>\nZulassung l\u00e4uft hier ein wenig anders als in Deutschland \u2013 und ohne die Hilfe von Alexandra w\u00e4ren wir mal wieder v\u00f6llig aufgeschmissen gewesen.<br \/>\nAber ging ja alles gut.<\/p>\n<ul>\n<li><em><strong>Mittwoch, 16.08.2017<\/strong><\/em><\/li>\n<\/ul>\n<p>Container ist weg und die Fahrt zum Flughafen organisiert&#8230;.<br \/>\nMorgen fr\u00fch geht es los und der Himmel weint!!<br \/>\nWir freuen uns wieder auf Uruguay &#8211; auch wenn wir mit gro\u00dfer Sorge gehen&#8230;.was wird aus denen, die in Deutschland bleiben??<br \/>\nHatten gestern noch sehr anregende Gespr\u00e4che mit Freunden&#8230;. das macht schon nachdenklich.<br \/>\nAber jetzt nach vorne geschaut &#8211; die Hunde werden sich hoffentlich freuen und es gibt ja noch einiges zu tun, bis der Container kommt!!<\/p>\n<ul>\n<li><em><strong>Sonntag, 13.08.2017<\/strong><\/em><\/li>\n<\/ul>\n<p>Ja &#8211; ich habe lange nichts geschrieben &#8211; aber nicht, weil es uns schlecht geht, sondern weil ich zu doof war, richtig in den Blog zu schreiben.<br \/>\nDas hat mir heute Dner nochmal pers\u00f6nlich erkl\u00e4rt &#8211; jetzt sollte es klappen.<br \/>\nEs gibt viel Neues!<br \/>\nNachdem wir lange auf die Vollst\u00e4ndigkeit der Kaufunterlagen f\u00fcr unsere Campo gewartet haben, konnten wir endlich am 19.07.2017 unseren Wunsch-Campo kaufen!! Endlich konnten wir loslegen. So ist bereits eine Einfahrt entstanden &#8211; ich hab also Beton-Rohre im Graben versenkt und das Ganze mit Balastro aufgef\u00fcllt und mit Hilfe von Bianca &#8211; der \u00e4ltesten Tochter von unserem neuen Freund Udo und seiner Frau Eliane &#8211; haben wir auch einen Leercontainer gekauft. Dieser steht nun auf dem Campo &#8211; noch nicht da, wo er bleiben soll &#8211; aber immerhin k\u00f6nnen wir ihn schon zum Unterstellen unserer Sachen nutzen. Leider hat uns in letzter Zeit das Wetter einen Strich durch die Planung gemacht &#8211; bei Regen ist das Arbeiten auf dem Campo unm\u00f6glich, die Erde verwandelt sich alles sofort in Modderpampe &#8211; ich bin sogar mit der Feuerwehr stecken geblieben. Gl\u00fccklicherweise sind die Menschen in Uruguay sehr freundlich und hilfsbereit, so dass es nicht lange dauerte, bis mich ein netter Nachbar mit dem Traktor &#8222;rettete&#8220;.<\/p>\n<p>&#8230;.und heute &#8211; ja &#8211; heute haben wir in Deutschland unseren Container zu Ende gepackt. Wir haben bereits gestern fr\u00fch angefangen &#8211; hier also nochmal einen ganz lieben Dank an alle Helfer!! Aber ohne Matze und seinen Kollegen Detlef h\u00e4tten wir nicht die Chance gehabt, so schnell und gr\u00fcndlich zu packen! Die Beiden sind absolute Packprofis &#8211; obwohl wir ernsthafte Zweifel hatten, ob wirklich alles in den Container passt, hatten wir am Ende noch Platz!! Da hab ich dann heute noch das reingepackt, was wir sonst vergessen h\u00e4tten und Paul hat auch gleich die Tore mit Silikon abgedichtet. Wollen wir hoffen, dass alles dicht bleibt und der Inhalt des Containers trocken und heil!!<br \/>\nAm Donnerstag fr\u00fch geht es zur\u00fcck in die neue Heimat &#8211; erstmals ein Flug ohne R\u00fcckflug&#8230;.. Aber im n\u00e4chsten Jahr heiratet Paul &#8211; da werden wir dabei sein.<\/p>\n<ul>\n<li><em><strong>Freitag, 09.06.2017<\/strong><\/em><\/li>\n<\/ul>\n<p>Haben gestern mit Alex und dem Zollagenten Jorge zusammen gesessen.<br \/>\nErstes Feedback zu unserer Packliste ist positiv \u2013 es m\u00fcssen nur noch Werte f\u00fcr die Kartons angegeben werden\u2026.. das bekommen wir auch noch hin.<br \/>\nAu\u00dferdem haben wir gestern auch die Genehmigung bekommen, schon jetzt auf \u201eunser\u201c Land zu gehen. Noch ist es nicht gekauft \u2013 also d\u00fcrften wir es noch nicht ohne Genehmigung des derzeitigen Besitzers betreten\u2026.<br \/>\nWir d\u00fcrfen zwar nichts ver\u00e4ndern \u2013 aber mal vermessen und abstecken, was wo hin soll.<br \/>\nHeute haben wir wieder ein paar Barracas (das sind hier kleine Baustoffh\u00e4ndler \u2013 \u00e4hnlich den BHG\u00b4s aus DDR-Zeiten) unsicher gemacht \u2013 eine Genossenschaft in Colonia Valdense an der Ruta 1 macht einen sehr ordentlichen Eindruck \u2013 das Angebot ist auch sehr gut.<br \/>\nEs gibt alles in Uruguay \u2013 es ist immer eine Frage des Preises\u2026..<br \/>\nAnsonsten geht es uns recht gut. Das Wetter ist annehmbar \u2013 auch wenn es heute Nacht geregnet hat \u2013 heute scheint die Sonne \u2013 nur der kalte Wind st\u00f6rt.<br \/>\nWir vertreiben uns die Zeit mit Planungen \u2013 welche B\u00e4ume m\u00f6chten wir \u2013 und wie viele, was soll wo hin\u2026. alles aufmalen und Kostenvoranschl\u00e4ge einholen.<br \/>\nSo ist eben immer zu tun, wenn auch nicht so produktiv, wie wir es uns vorgestellt haben.<br \/>\nAber das wird schon \u2013 wenn wir erst gekauft haben.<\/p>\n<ul>\n<li><em><strong>Dienstag, 06.06.2017<\/strong><\/em><\/li>\n<\/ul>\n<p>Heute war der gro\u00dfe Tag an dem der Brunnenbohrer seine Arbeit getan hat.<br \/>\nJa \u2013 wir haben Wasser \u2013 in 46 Metern Tiefe und es scheint reichlich zu sein.<br \/>\nAuf jeden Fall wurde der Brunnen gebohrt \u2013 mit einem f\u00fcrchterlichen L\u00e4rm \u2013 aber erfolgreich.<br \/>\nNun ist die Entscheidung klar \u2013 wir werden dieses Grundst\u00fcck vor dem Campamento Artigas kaufen.<\/p>\n<ul>\n<li><em><strong>Montag, 05.06.2017<\/strong><\/em><\/li>\n<\/ul>\n<p>Wo wir doch jetzt nichtmehr vorm Campamento parken d\u00fcrfen, haben wir uns einen neuen Schlafplatz gesucht\u2026.. hat gut gepasst, da\u00df Udo uns zum Kaffee eingeladen hat \u2013 wir haben dann auch gleich auf seinem Grundst\u00fcck \u00fcbernachtet. Nat\u00fcrlich hatten wir einen sehr angenehmen Abend mit ihm, seiner Frau Eliane und 2 seiner 3 T\u00f6chter.<br \/>\nBei der Gelegenheit konnte ich mir auch mal seinen landwirtschaftlichen Betrieb ansehen\u2026..<br \/>\nNaja \u2013 auch er hat ganz sch\u00f6n zu k\u00e4mpfen \u2013 aber ich glaube, das m\u00fcssen hier alle.<br \/>\nInteressant war auch, da\u00df bei Kunze\u00b4s vor jedem Essen gebetet wurde\u2026. Sie sind sehr religi\u00f6s \u2013 aber auch gut gebildet. Beide Kinder spielen mehrere Instrumente und singen. Viele Angebote werden dabei durch ihre Kirchengemeinde organisiert \u2013 gute Angebote aber sicherlich nur f\u00fcr Mitglieder der Gemeinde\u2026. Diese Frage stellt sich uns aber im Moment ja noch nicht.<\/p>\n<ul>\n<li><em><strong>Samstag, 03.06.2017<\/strong><\/em><\/li>\n<\/ul>\n<p>Neuen Schlafplatz suchen\u2026.. und was f\u00e4llt uns da ein?? Na klar \u2013 Heinz und Markus aus Riacuelo.<br \/>\nHaben bei den Beiden erstmal nett Kaffee getrunken \u2013 sie sind immer sehr gastfreundlich und sind dann runter zum Strand gefahren\u2026.. Wozu so ein Wohnmobil doch alles gut ist \u2013 man kann \u00fcberall \u00fcbernachten\u2026..<\/p>\n<ul>\n<li><em><strong>Freitag, 02.06.2017<\/strong><\/em><\/li>\n<\/ul>\n<p>Nachdem wir ein paar Tage bei Jackie und Micha verbracht haben, haben wir uns auf den Weg zu \u201eunserem\u201c Grundst\u00fcck nach Santa Regina gemacht. Unterwegs haben wir Udo Kunze kennen gelernt \u2013 naja \u2013 kennengelernt ist zu viel gesagt \u2013 er hat die deutsche Feuerwehr erkannt und uns angesprochen. Udo wohnt in der deutschen Siedlung an der Ruta 1 am km 94.<br \/>\nHaben Telefonnummern ausgetauscht und verabredet, uns mal zum Kaffee zu treffen.<br \/>\nAbends haben wir dann vorm Campamento Artigas geparkt \u2013 die Hund drau\u00dfen laufen gelassen und beobachtet, wie laut das Campamento mit Kindern ist\u2026.. St\u00f6rt \u00fcberhaupt nicht \u2013 um halb 9 war Ruhe.<br \/>\nAllerdings nicht f\u00fcr uns\u2026.. die Leute vom Campamento f\u00fchlten sich wohl recht unsicher, was da f\u00fcr eine Feuerwehr vor dem Objekt parkt. Der Typ der dann nach uns schauen wollte, wurde erstmal gr\u00fcndlich durch unsere Radaut\u00fcten verscheucht \u2013 und hat erstmal die Polizei gerufen\u2026.<br \/>\nGab also eine Kontrolle der P\u00e4sse und den Hinweis, wir m\u00f6gen uns morgen verkr\u00fcmeln\u2026.<br \/>\n(\u2026.aber alles ganz freundlich und im Bem\u00fchen, uns zu verstehen)<br \/>\nWas tun wir nicht alles, um uns nicht mit der Staatsmacht anzulegen\u2026;)<\/p>\n","protected":false},"excerpt":{"rendered":"<p>Donnerstag, 25.10.2018 Nun komme ich heute mal wieder dazu, etwas zu schreiben. Wir haben gerade lieben Besuch aus Deutschland &#8211; Freunde sind da&#8230;. nat\u00fcrlich nicht um uns zu besuchen &#8211; sie haben selbst einen Campo gekauft und m\u00f6chten diesen ihren <a class=\"more-link\" href=\"https:\/\/safe-parking-uruguay.com\/de\/pubblog\/\">weiterlesen&#8230;<\/a><\/p>\n","protected":false},"author":1,"featured_media":0,"parent":0,"menu_order":0,"comment_status":"closed","ping_status":"closed","template":"","meta":{"footnotes":""},"class_list":["post-14","page","type-page","status-publish","hentry"],"translation":{"provider":"WPGlobus","version":"3.0.2","language":"de","enabled_languages":["en","de","es"],"languages":{"en":{"title":true,"content":false,"excerpt":false},"de":{"title":true,"content":true,"excerpt":false},"es":{"title":true,"content":false,"excerpt":false}}},"_links":{"self":[{"href":"https:\/\/safe-parking-uruguay.com\/de\/wp-json\/wp\/v2\/pages\/14","targetHints":{"allow":["GET"]}}],"collection":[{"href":"https:\/\/safe-parking-uruguay.com\/de\/wp-json\/wp\/v2\/pages"}],"about":[{"href":"https:\/\/safe-parking-uruguay.com\/de\/wp-json\/wp\/v2\/types\/page"}],"author":[{"embeddable":true,"href":"https:\/\/safe-parking-uruguay.com\/de\/wp-json\/wp\/v2\/users\/1"}],"replies":[{"embeddable":true,"href":"https:\/\/safe-parking-uruguay.com\/de\/wp-json\/wp\/v2\/comments?post=14"}],"version-history":[{"count":17,"href":"https:\/\/safe-parking-uruguay.com\/de\/wp-json\/wp\/v2\/pages\/14\/revisions"}],"predecessor-version":[{"id":180,"href":"https:\/\/safe-parking-uruguay.com\/de\/wp-json\/wp\/v2\/pages\/14\/revisions\/180"}],"wp:attachment":[{"href":"https:\/\/safe-parking-uruguay.com\/de\/wp-json\/wp\/v2\/media?parent=14"}],"curies":[{"name":"wp","href":"https:\/\/api.w.org\/{rel}","templated":true}]}}