{"id":12,"date":"2017-05-04T10:31:01","date_gmt":"2017-05-04T10:31:01","guid":{"rendered":"http:\/\/safe-parking-uruguay.com\/?page_id=12"},"modified":"2018-11-29T00:04:43","modified_gmt":"2018-11-29T00:04:43","slug":"dienstleistungen","status":"publish","type":"page","link":"https:\/\/safe-parking-uruguay.com\/de\/dienstleistungen\/","title":{"rendered":"Dienstleistungen"},"content":{"rendered":"<p>Viele Wohnmobilisten haben f\u00fcr viel Geld ihr Wohnmobil gekauft und dann nicht gerade preiswert nach S\u00fcdamerika gebracht. Nun m\u00f6chten sie es hier nutzen \u2013 und dann allj\u00e4hrlich wieder verschiffen?? Nicht wirklich!!<br \/>\nWir bieten Ihnen die M\u00f6glichkeit, ihr Wohnmobil bei uns sicher zu parken. Zus\u00e4tzlich zum Schutz vor Diebstahl und Vandalismus bieten wir Ihnen Service von wirklich qualifizierten Wagenpflegern und KFZ-Schlossern unserer Partner an. Zu weiteren Service-Angeboten geh\u00f6rt auch ein Waschservice f\u00fcr ihre W\u00e4sche. Ein Hol- und Bringe-Service zur n\u00e4chsten Busstation, F\u00e4hre oder zum Flughafen Montevideo kann ebenfalls organisiert werden.<br \/>\nSo kann Ihr Urlaub schon am ersten Tag entspannend beginnen\u2026.<br \/>\nWir freuen uns, wenn Sie unser Angebot testen und nutzen m\u00f6chten.<br \/>\nF\u00fcr Anregungen und W\u00fcnsche stehen wir Ihnen gern zur Verf\u00fcgung.<br \/>\nLeider begrenzen sich unsere Sprachkenntnisse ein wenig. So sprechen und schreiben wir hervorragend Deutsch als unsere Muttersprache. Englisch und Spanisch lernen wir gerade. Deshalb ist hier eine schriftliche Kommunikation vorteilhaft \u2013 dank diverser \u00dcbersetzungsprogramme sollte dieses problemlos sein. Vielen Dank f\u00fcr Ihr Vertrauen.<\/p>\n","protected":false},"excerpt":{"rendered":"<p>Viele Wohnmobilisten haben f\u00fcr viel Geld ihr Wohnmobil gekauft und dann nicht gerade preiswert nach S\u00fcdamerika gebracht. Nun m\u00f6chten sie es hier nutzen \u2013 und dann allj\u00e4hrlich wieder verschiffen?? Nicht wirklich!! Wir bieten Ihnen die M\u00f6glichkeit, ihr Wohnmobil bei uns <a class=\"more-link\" href=\"https:\/\/safe-parking-uruguay.com\/de\/dienstleistungen\/\">weiterlesen&#8230;<\/a><\/p>\n","protected":false},"author":1,"featured_media":0,"parent":0,"menu_order":0,"comment_status":"closed","ping_status":"closed","template":"","meta":{"footnotes":""},"class_list":["post-12","page","type-page","status-publish","hentry"],"translation":{"provider":"WPGlobus","version":"3.0.2","language":"de","enabled_languages":["en","de","es"],"languages":{"en":{"title":true,"content":false,"excerpt":false},"de":{"title":true,"content":true,"excerpt":false},"es":{"title":true,"content":true,"excerpt":false}}},"_links":{"self":[{"href":"https:\/\/safe-parking-uruguay.com\/de\/wp-json\/wp\/v2\/pages\/12","targetHints":{"allow":["GET"]}}],"collection":[{"href":"https:\/\/safe-parking-uruguay.com\/de\/wp-json\/wp\/v2\/pages"}],"about":[{"href":"https:\/\/safe-parking-uruguay.com\/de\/wp-json\/wp\/v2\/types\/page"}],"author":[{"embeddable":true,"href":"https:\/\/safe-parking-uruguay.com\/de\/wp-json\/wp\/v2\/users\/1"}],"replies":[{"embeddable":true,"href":"https:\/\/safe-parking-uruguay.com\/de\/wp-json\/wp\/v2\/comments?post=12"}],"version-history":[{"count":5,"href":"https:\/\/safe-parking-uruguay.com\/de\/wp-json\/wp\/v2\/pages\/12\/revisions"}],"predecessor-version":[{"id":144,"href":"https:\/\/safe-parking-uruguay.com\/de\/wp-json\/wp\/v2\/pages\/12\/revisions\/144"}],"wp:attachment":[{"href":"https:\/\/safe-parking-uruguay.com\/de\/wp-json\/wp\/v2\/media?parent=12"}],"curies":[{"name":"wp","href":"https:\/\/api.w.org\/{rel}","templated":true}]}}